{"id":71,"date":"2025-03-15T16:47:47","date_gmt":"2025-03-15T16:47:47","guid":{"rendered":"https:\/\/zen-odense.dk\/?page_id=71"},"modified":"2026-02-06T17:42:37","modified_gmt":"2026-02-06T17:42:37","slug":"one-drop-zen","status":"publish","type":"page","link":"https:\/\/zen-odense.dk\/index.php\/one-drop-zen\/","title":{"rendered":"One Drop Zen Odense"},"content":{"rendered":"\n<p><\/p>\n\n\n\n<p>Zen i Odense:<br>Vi er en gruppe der siden 2001 har haft en Zen-gruppe i Odense. Vi sidder hver onsdag kl 18:00. Gruppen er \u00e5ben for alle der har interesse i at praktisere zazen, zen-meditation. Vi sidder sammen for at underst\u00f8tte hinanden i vores praksis uanset hvem vi personligt praktiserer under. Siden starten har vi haft en tilknytning til One Drop Zendo og zenmesteren Harada Roshi. Vi er en ikke kommerciel gruppe s\u00e5 her er muligheden for at tr\u00e6ne ens mindfullness uden at skulle overveje om man har r\u00e5d.<\/p>\n\n\n","protected":false},"excerpt":{"rendered":"<p>Zen i Odense:Vi er en gruppe der siden 2001 har haft en Zen-gruppe i Odense. Vi sidder hver onsdag kl 18:00. Gruppen er \u00e5ben for alle der har interesse i at praktisere zazen, zen-meditation. Vi sidder sammen for at underst\u00f8tte hinanden i vores praksis uanset hvem vi personligt praktiserer under. Siden starten har vi haft [&hellip;]<\/p>\n","protected":false},"author":1,"featured_media":0,"parent":0,"menu_order":0,"comment_status":"closed","ping_status":"closed","template":"full-width","meta":{"saved_in_kubio":true,"footnotes":""},"class_list":["post-71","page","type-page","status-publish","hentry"],"yoast_head":"<!-- This site is optimized with the Yoast SEO plugin v26.7 - https:\/\/yoast.com\/wordpress\/plugins\/seo\/ -->\n<title>One Drop Zen Odense - Zen Odense<\/title>\n<meta name=\"robots\" content=\"index, follow, max-snippet:-1, max-image-preview:large, max-video-preview:-1\" \/>\n<link rel=\"canonical\" href=\"https:\/\/zen-odense.dk\/index.php\/one-drop-zen\/\" \/>\n<meta property=\"og:locale\" content=\"en_US\" \/>\n<meta property=\"og:type\" content=\"article\" \/>\n<meta property=\"og:title\" content=\"One Drop Zen Odense - Zen Odense\" \/>\n<meta property=\"og:description\" content=\"Zen i Odense:Vi er en gruppe der siden 2001 har haft en Zen-gruppe i Odense. Vi sidder hver onsdag kl 18:00. Gruppen er \u00e5ben for alle der har interesse i at praktisere zazen, zen-meditation. Vi sidder sammen for at underst\u00f8tte hinanden i vores praksis uanset hvem vi personligt praktiserer under. Siden starten har vi haft [&hellip;]\" \/>\n<meta property=\"og:url\" content=\"https:\/\/zen-odense.dk\/index.php\/one-drop-zen\/\" \/>\n<meta property=\"og:site_name\" content=\"Zen Odense\" \/>\n<meta property=\"article:modified_time\" content=\"2026-02-06T17:42:37+00:00\" \/>\n<meta name=\"twitter:card\" content=\"summary_large_image\" \/>\n<script type=\"application\/ld+json\" class=\"yoast-schema-graph\">{\"@context\":\"https:\/\/schema.org\",\"@graph\":[{\"@type\":\"WebPage\",\"@id\":\"https:\/\/zen-odense.dk\/index.php\/one-drop-zen\/\",\"url\":\"https:\/\/zen-odense.dk\/index.php\/one-drop-zen\/\",\"name\":\"One Drop Zen Odense - Zen Odense\",\"isPartOf\":{\"@id\":\"https:\/\/zen-odense.dk\/#website\"},\"datePublished\":\"2025-03-15T16:47:47+00:00\",\"dateModified\":\"2026-02-06T17:42:37+00:00\",\"breadcrumb\":{\"@id\":\"https:\/\/zen-odense.dk\/index.php\/one-drop-zen\/#breadcrumb\"},\"inLanguage\":\"en-US\",\"potentialAction\":[{\"@type\":\"ReadAction\",\"target\":[\"https:\/\/zen-odense.dk\/index.php\/one-drop-zen\/\"]}]},{\"@type\":\"BreadcrumbList\",\"@id\":\"https:\/\/zen-odense.dk\/index.php\/one-drop-zen\/#breadcrumb\",\"itemListElement\":[{\"@type\":\"ListItem\",\"position\":1,\"name\":\"Home\",\"item\":\"https:\/\/zen-odense.dk\/\"},{\"@type\":\"ListItem\",\"position\":2,\"name\":\"One Drop Zen Odense\"}]},{\"@type\":\"WebSite\",\"@id\":\"https:\/\/zen-odense.dk\/#website\",\"url\":\"https:\/\/zen-odense.dk\/\",\"name\":\"Zen Odense\",\"description\":\"\",\"potentialAction\":[{\"@type\":\"SearchAction\",\"target\":{\"@type\":\"EntryPoint\",\"urlTemplate\":\"https:\/\/zen-odense.dk\/?s={search_term_string}\"},\"query-input\":{\"@type\":\"PropertyValueSpecification\",\"valueRequired\":true,\"valueName\":\"search_term_string\"}}],\"inLanguage\":\"en-US\"}]}<\/script>\n<!-- \/ Yoast SEO plugin. -->","yoast_head_json":{"title":"One Drop Zen Odense - Zen Odense","robots":{"index":"index","follow":"follow","max-snippet":"max-snippet:-1","max-image-preview":"max-image-preview:large","max-video-preview":"max-video-preview:-1"},"canonical":"https:\/\/zen-odense.dk\/index.php\/one-drop-zen\/","og_locale":"en_US","og_type":"article","og_title":"One Drop Zen Odense - Zen Odense","og_description":"Zen i Odense:Vi er en gruppe der siden 2001 har haft en Zen-gruppe i Odense. Vi sidder hver onsdag kl 18:00. Gruppen er \u00e5ben for alle der har interesse i at praktisere zazen, zen-meditation. Vi sidder sammen for at underst\u00f8tte hinanden i vores praksis uanset hvem vi personligt praktiserer under. Siden starten har vi haft [&hellip;]","og_url":"https:\/\/zen-odense.dk\/index.php\/one-drop-zen\/","og_site_name":"Zen Odense","article_modified_time":"2026-02-06T17:42:37+00:00","twitter_card":"summary_large_image","schema":{"@context":"https:\/\/schema.org","@graph":[{"@type":"WebPage","@id":"https:\/\/zen-odense.dk\/index.php\/one-drop-zen\/","url":"https:\/\/zen-odense.dk\/index.php\/one-drop-zen\/","name":"One Drop Zen Odense - Zen Odense","isPartOf":{"@id":"https:\/\/zen-odense.dk\/#website"},"datePublished":"2025-03-15T16:47:47+00:00","dateModified":"2026-02-06T17:42:37+00:00","breadcrumb":{"@id":"https:\/\/zen-odense.dk\/index.php\/one-drop-zen\/#breadcrumb"},"inLanguage":"en-US","potentialAction":[{"@type":"ReadAction","target":["https:\/\/zen-odense.dk\/index.php\/one-drop-zen\/"]}]},{"@type":"BreadcrumbList","@id":"https:\/\/zen-odense.dk\/index.php\/one-drop-zen\/#breadcrumb","itemListElement":[{"@type":"ListItem","position":1,"name":"Home","item":"https:\/\/zen-odense.dk\/"},{"@type":"ListItem","position":2,"name":"One Drop Zen Odense"}]},{"@type":"WebSite","@id":"https:\/\/zen-odense.dk\/#website","url":"https:\/\/zen-odense.dk\/","name":"Zen Odense","description":"","potentialAction":[{"@type":"SearchAction","target":{"@type":"EntryPoint","urlTemplate":"https:\/\/zen-odense.dk\/?s={search_term_string}"},"query-input":{"@type":"PropertyValueSpecification","valueRequired":true,"valueName":"search_term_string"}}],"inLanguage":"en-US"}]}},"kubio_ai_page_context":{"short_desc":"","purpose":"general"},"_links":{"self":[{"href":"https:\/\/zen-odense.dk\/index.php\/wp-json\/wp\/v2\/pages\/71","targetHints":{"allow":["GET"]}}],"collection":[{"href":"https:\/\/zen-odense.dk\/index.php\/wp-json\/wp\/v2\/pages"}],"about":[{"href":"https:\/\/zen-odense.dk\/index.php\/wp-json\/wp\/v2\/types\/page"}],"author":[{"embeddable":true,"href":"https:\/\/zen-odense.dk\/index.php\/wp-json\/wp\/v2\/users\/1"}],"replies":[{"embeddable":true,"href":"https:\/\/zen-odense.dk\/index.php\/wp-json\/wp\/v2\/comments?post=71"}],"version-history":[{"count":10,"href":"https:\/\/zen-odense.dk\/index.php\/wp-json\/wp\/v2\/pages\/71\/revisions"}],"predecessor-version":[{"id":202,"href":"https:\/\/zen-odense.dk\/index.php\/wp-json\/wp\/v2\/pages\/71\/revisions\/202"}],"wp:attachment":[{"href":"https:\/\/zen-odense.dk\/index.php\/wp-json\/wp\/v2\/media?parent=71"}],"curies":[{"name":"wp","href":"https:\/\/api.w.org\/{rel}","templated":true}]}}